{"id":34,"date":"2016-10-25T21:18:45","date_gmt":"2016-10-25T21:18:45","guid":{"rendered":"http:\/\/sssstarapazova.org\/new\/?page_id=34"},"modified":"2025-02-19T12:26:04","modified_gmt":"2025-02-19T11:26:04","slug":"kolektivni-ugovori","status":"publish","type":"page","link":"http:\/\/sssstarapazova.org\/new\/kolektivni-ugovori\/","title":{"rendered":"Kolektivni ugovori"},"content":{"rendered":"\n<p><a href=\"http:\/\/sssstarapazova.org\/new\/wp-content\/uploads\/2020\/11\/PKU-dopuna-Kultura.docx\" target=\"_blank\" rel=\"noopener noreferrer\"><strong>Dopuna&nbsp; Posebnog kolektivnog ugovor za ustanove kulture \u010diji je osniva\u010d Republika Srbija, autonomna pokrajina i jedinica lokalne samouprave<\/strong><\/a><\/p>\n\n\n\n<p><a href=\"http:\/\/sssstarapazova.org\/new\/wp-content\/uploads\/2020\/09\/PKU-Sporazum-o-produ\u017eenju-do-2022.jpg\" target=\"_blank\" rel=\"noopener noreferrer\"><strong>Sporazum o produ\u017eenju&nbsp; PKU za zaposlene u osnovnim i srednjim \u0161kolama i domovima u\u010denika<\/strong><\/a><\/p>\n\n\n\n<h6 class=\"wp-block-heading\"><a href=\"http:\/\/sssstarapazova.org\/new\/wp-content\/uploads\/2018\/05\/Sporazum-o-produzenju-PKU-OiSSiDU.pdf\" target=\"_blank\" rel=\"noopener noreferrer\"><strong>Sporazum o produ\u017eenju&nbsp;roka va\u017eenja Posebnog kolektivnog ugovora za zaposlene u osnovnim i srednjim \u0161kolama i domovima u\u010denika<\/strong><\/a><\/h6>\n\n\n\n<h6 class=\"wp-block-heading\"><a rel=\"noopener noreferrer\" href=\"http:\/\/sssstarapazova.org\/new\/wp-content\/uploads\/2018\/02\/\u0421\u043f\u043e\u0440\u0430\u0437\u0443\u043c-\u043e-\u043f\u0440\u043e\u0434.-\u0440\u043e\u043a\u0430-\u0432\u0430\u0436.-\u041f\u041a\u0423-\u0437\u0430-\u0437\u0434\u0440\u0430\u0432\u0441\u0442\u0432\u0435\u043d\u0435-\u0443\u0441\u0442\u0430\u043d\u043e\u0432\u0435-\u0420\u0421-\u0410\u041f-\u0438-\u0408\u041b\u0421\u0423_-3_2018-81.pdf\" target=\"_blank\"><strong>Sporazum o produ\u017eenju roka va\u017eenja Posebnog kolektivnog ugovora za zdravstvene ustanove<\/strong><\/a><\/h6>\n\n\n\n<p><a href=\"http:\/\/sssstarapazova.org\/new\/wp-content\/uploads\/2018\/02\/SporazumOProduzenjuKUKultura-1.pdf\" target=\"_blank\" rel=\"noopener noreferrer\"><strong>Sporazum o produ\u017eenju roka va\u017eenja Posebnog kolektivnog ugovora za&nbsp; ustanove kulture<\/strong><\/a><\/p>\n\n\n\n<p><a href=\"http:\/\/sssstarapazova.org\/new\/wp-content\/uploads\/2018\/02\/\u0421\u043f\u043e\u0440\u0430\u0437\u0443\u043c-\u043e-\u043f\u0440\u043e\u0434\u0443\u0436\u0435\u045a\u0443-\u0440\u043e\u043a\u0430-\u0432\u0430\u0436\u0435\u045a\u0430-\u041f\u043e\u0441\u0435\u0431\u043d\u043e\u0433-\u043a\u043e\u043b\u0435\u043a\u0442\u0438\u0432\u043d\u043e\u0433-\u0443\u0433\u043e\u0432\u043e\u0440\u0430-\u0437\u0430-\u0441\u043e\u0446\u0438\u0458\u0430\u043b\u043d\u0443-\u0437\u0430\u0448\u0442\u0438\u0442\u0443-\u0443-\u0420\u0435\u043f\u0443\u0431\u043b\u0438\u0446\u0438-\u0421\u0440\u0431\u0438\u0458\u0438_-8_2018-38.pdf\" target=\"_blank\" rel=\"noopener noreferrer\"><strong>Sporazum o produ\u017eenju roka va\u017eenja Posebnog kolektivnog ugovora za&nbsp;socijalnu za\u0161titu<\/strong><\/a><\/p>\n\n\n\n<p><a href=\"http:\/\/sssstarapazova.org\/new\/wp-content\/uploads\/2025\/02\/\u041f\u043e\u0441\u0435\u0431\u0430\u043d-\u043a\u043e\u043b\u0435\u043a\u0442\u0438\u0432\u043d\u0438-\u0443\u0433\u043e\u0432\u043e\u0440-\u0437\u0430-\u0437\u0430\u043f\u043e\u0441\u043b\u0435\u043d\u0435-\u0443-\u043e\u0441\u043d\u043e\u0432\u043d\u0438\u043c-\u0438-\u0441\u0440\u0435\u0434\u045a\u0438\u043c-\u0448\u043a\u043e\u043b\u0430\u043c\u0430-\u0438-\u0434\u043e\u043c\u043e\u0432\u0438\u043c\u0430-\u0443\u0447\u0435\u043d\u0438\u043a\u0430_-21_2015-25-92_2020-31-123_2022-18-13_2025-144.docx\" target=\"_blank\" rel=\"noreferrer noopener\"><strong>Poseban kolektivni ugovor za zaposlene u osnovnim\u00a0 i srednjim \u0161kolama i domovima u\u010denika<\/strong><\/a><\/p>\n\n\n\n<p><a href=\"http:\/\/sssstarapazova.org\/new\/wp-content\/uploads\/2023\/12\/\u041f\u043e\u0441\u0435\u0431\u0430\u043d-\u043a\u043e\u043b\u0435\u043a\u0442\u0438\u0432\u043d\u0438-\u0443\u0433\u043e\u0432\u043e\u0440-\u0437\u0430-\u0443\u0441\u0442\u0430\u043d\u043e\u0432\u0435-\u043a\u0443\u043b\u0442\u0443\u0440\u0435-\u0447\u0438\u0458\u0438-\u0458\u0435-\u043e\u0441\u043d\u0438\u0432\u0430\u0447-\u0420\u0435\u043f\u0443\u0431\u043b\u0438\u043a\u0430-\u0421\u0440\u0431\u0438\u0458\u0430_-\u0430\u0443\u0442\u043e\u043d\u043e\u043c\u043d\u0430-\u043f\u043e\u043a\u0440\u0430\u0458\u0438\u043d\u0430-.pdf\" target=\"_blank\" rel=\"noreferrer noopener\"><strong>Poseban kolektivni ugovor za ustanove kulture \u010diji je osniva\u010d Republika Srbija, autonomna pokrajina i jedinica lokalne samouprave<\/strong><\/a><\/p>\n\n\n\n<p>&#8212;&#8211;  <a href=\"http:\/\/sssstarapazova.org\/new\/wp-content\/uploads\/2023\/12\/PKU_o_izmenama_i_dopunama_PKU_regisrovan-15.12.23..pdf\" target=\"_blank\" rel=\"noreferrer noopener\"><strong> Izmene i dopune od 15.12.2023. godine<\/strong><\/a><\/p>\n\n\n\n<p><a href=\"http:\/\/sssstarapazova.org\/new\/wp-content\/uploads\/2019\/04\/Poseban-kolektivni-ugovor-za-zdravstvene-ustanove-2019.-cirilica.pdf\" target=\"_blank\" rel=\"noopener noreferrer\"><strong>Poseban kolektivni ugovor za zdravstvene ustanove \u010diji je osniva\u010d Republika Srbija, autonomna pokrajina i jedinica lokalne samouprave<\/strong><\/a><\/p>\n\n\n\n<p><a href=\"http:\/\/sssstarapazova.org\/new\/wp-content\/uploads\/2016\/10\/pku_soc.zastita2015.pdf\" target=\"_blank\" rel=\"noopener noreferrer\"><strong>Poseban kolektivni ugovor za_socijalnu za\u0161titu u Republici Srbiji<\/strong><\/a><\/p>\n\n\n\n<p><a href=\"http:\/\/sssstarapazova.org\/new\/wp-content\/uploads\/2021\/04\/Poseban-kolektivni-ugovor-za-javna-preduzeca-u-komunalnoj-delatnosti-na-teritoriji-Republike-Srbije-26.3.2021.pdf\" target=\"_blank\" rel=\"noopener\"><strong>Poseban kolektivni ugovor za javna preduze\u0107a u komunalnoj delatnosti<\/strong><\/a><\/p>\n\n\n\n<p><a href=\"http:\/\/sssstarapazova.org\/new\/wp-content\/uploads\/2019\/07\/\u041f\u041e\u0421\u0415\u0411\u0410\u041d-\u041a\u041e\u041b\u0415\u041a\u0422\u0418\u0412\u041d\u0418-\u0423\u0413\u041e\u0412\u041e\u0420-\u0417\u0410-\u0414\u0420\u0416\u0410\u0412\u041d\u0415-\u041e\u0420\u0413\u0410\u041d\u0415-\u043f\u043e\u0442\u043f\u0438\u0441\u0430\u043d.pdf\" target=\"_blank\" rel=\"noopener noreferrer\"><strong>Poseban kolektivni ugovor za dr\u017eavne organe<\/strong><\/a><\/p>\n\n\n\n<p><a href=\"http:\/\/sssstarapazova.org\/new\/wp-content\/uploads\/2019\/07\/\u041f\u041e\u0421\u0415\u0411\u0410\u041d-\u041a\u041e\u041b\u0415\u041a\u0422\u0418\u0412\u041d\u0418-\u0423\u0413\u041e\u0412\u041e\u0420-\u0417\u0410-\u0417\u0410\u041f\u041e\u0421\u041b\u0415\u041d\u0415-\u0423-\u0408\u0415\u0414\u0418\u041d\u0418\u0426\u0410\u041c\u0410-\u041b\u041e\u041a\u0410\u041b\u041d\u0415-\u0421\u0410\u041c\u041e\u0423\u041f\u0420\u0410\u0412\u0415-\u043f\u043e\u0442\u043f\u0438\u0441\u0430\u043d.pdf\" target=\"_blank\" rel=\"noopener noreferrer\"><strong style=\"line-height: 20.7999992370605px;\">Poseban&nbsp;<\/strong><strong>kolektivni ugovor za zaposlene u&nbsp; jedinicama lokalne samouprave<\/strong><\/a><\/p>\n\n\n\n<p><a href=\"http:\/\/sssstarapazova.org\/new\/wp-content\/uploads\/2016\/11\/KU_Student_stand.pdf\" target=\"_blank\" rel=\"noopener noreferrer\"><strong>Poseban kolektivni ugovor za zaposlene u ustanovama studentskog standarda \u010diji je osnivac Republika Srbija<\/strong><\/a><\/p>\n\n\n\n<p><a rel=\"noopener noreferrer\" href=\"http:\/\/sssstarapazova.org\/new\/wp-content\/uploads\/2017\/05\/pku_maj17.pdf\" target=\"_blank\"><strong>Poseban kolektivni ugovor za zaposlene u pred\u0161kolskom obrazovanju<\/strong><\/a><\/p>\n\n\n\n<p><a href=\"http:\/\/sssstarapazova.org\/new\/wp-content\/uploads\/2023\/12\/Poseban-kolektivni-ugovor-za-visoko-obrazovanje-2023.pdf\" target=\"_blank\" rel=\"noreferrer noopener\"><strong>Poseban kojelktivni ugovor za Visoko obrazovanje<\/strong><\/a><\/p>\n\n\n\n<p><\/p>\n","protected":false},"excerpt":{"rendered":"<p>Dopuna&nbsp; Posebnog kolektivnog ugovor za ustanove kulture \u010diji je osniva\u010d Republika Srbija, autonomna pokrajina i jedinica lokalne samouprave Sporazum o produ\u017eenju&nbsp; PKU za zaposlene u osnovnim i srednjim \u0161kolama i domovima u\u010denika Sporazum o produ\u017eenju&nbsp;roka va\u017eenja Posebnog kolektivnog ugovora za <span class=\"excerpt-dots\">&hellip;<\/span> <a class=\"more-link\" href=\"http:\/\/sssstarapazova.org\/new\/kolektivni-ugovori\/\"><span class=\"more-msg\">Continue reading &rarr;<\/span><\/a><\/p>\n","protected":false},"author":1,"featured_media":0,"parent":0,"menu_order":4,"comment_status":"closed","ping_status":"closed","template":"","meta":{"footnotes":""},"class_list":["post-34","page","type-page","status-publish","hentry"],"_links":{"self":[{"href":"http:\/\/sssstarapazova.org\/new\/wp-json\/wp\/v2\/pages\/34","targetHints":{"allow":["GET"]}}],"collection":[{"href":"http:\/\/sssstarapazova.org\/new\/wp-json\/wp\/v2\/pages"}],"about":[{"href":"http:\/\/sssstarapazova.org\/new\/wp-json\/wp\/v2\/types\/page"}],"author":[{"embeddable":true,"href":"http:\/\/sssstarapazova.org\/new\/wp-json\/wp\/v2\/users\/1"}],"replies":[{"embeddable":true,"href":"http:\/\/sssstarapazova.org\/new\/wp-json\/wp\/v2\/comments?post=34"}],"version-history":[{"count":41,"href":"http:\/\/sssstarapazova.org\/new\/wp-json\/wp\/v2\/pages\/34\/revisions"}],"predecessor-version":[{"id":7833,"href":"http:\/\/sssstarapazova.org\/new\/wp-json\/wp\/v2\/pages\/34\/revisions\/7833"}],"wp:attachment":[{"href":"http:\/\/sssstarapazova.org\/new\/wp-json\/wp\/v2\/media?parent=34"}],"curies":[{"name":"wp","href":"https:\/\/api.w.org\/{rel}","templated":true}]}}