{"id":30,"date":"2016-10-25T21:17:25","date_gmt":"2016-10-25T21:17:25","guid":{"rendered":"http:\/\/sssstarapazova.org\/new\/?page_id=30"},"modified":"2016-12-03T01:23:33","modified_gmt":"2016-12-03T00:23:33","slug":"obrazovanje-odraslih","status":"publish","type":"page","link":"http:\/\/sssstarapazova.org\/new\/pravo\/obrazovanje\/obrazovanje-odraslih\/","title":{"rendered":"Obrazovanje odraslih"},"content":{"rendered":"<p><a href=\"http:\/\/sssstarapazova.org\/new\/wp-content\/uploads\/2016\/10\/ZAKON_O_OBRAZOVANJU_ODRASLIH.pdf\" target=\"_blank\"><strong>Zakon o obrazovanju odraslih<\/strong><\/a><\/p>\n<p><a href=\"http:\/\/sssstarapazova.org\/new\/wp-content\/uploads\/2016\/11\/Pravilnik-JPOA.pdf\" target=\"_blank\"><strong>Pravilnik o bli\u017eim uslovima u pogledu programa, kadra, prostora, opreme i nastavnih sredstava za sticanje statusa javno priznatog organizatora aktivnosti obrazovanja odraslih<\/strong><\/a><\/p>\n<p><a href=\"http:\/\/sssstarapazova.org\/new\/wp-content\/uploads\/2016\/11\/Prav-evidenc-i-jav-isprave-sl-gl.pdf\" target=\"_blank\"><strong>Pravilnik o vrsti, nazivu i sadr\u017eaju obrasca i na\u010dinu vodjenja evidencija i nazivu, sadr\u017eaju i izgledu obrazaca javnih\u00a0<\/strong><strong>isprava i uverenja u obrazovanju odraslih<\/strong><\/a><\/p>\n","protected":false},"excerpt":{"rendered":"<p>Zakon o obrazovanju odraslih Pravilnik o bli\u017eim uslovima u pogledu programa, kadra, prostora, opreme i nastavnih sredstava za sticanje statusa javno priznatog organizatora aktivnosti obrazovanja odraslih Pravilnik o vrsti, nazivu i sadr\u017eaju obrasca i na\u010dinu vodjenja evidencija i nazivu, sadr\u017eaju <span class=\"excerpt-dots\">&hellip;<\/span> <a class=\"more-link\" href=\"http:\/\/sssstarapazova.org\/new\/pravo\/obrazovanje\/obrazovanje-odraslih\/\"><span class=\"more-msg\">Continue reading &rarr;<\/span><\/a><\/p>\n","protected":false},"author":1,"featured_media":0,"parent":17,"menu_order":5,"comment_status":"closed","ping_status":"closed","template":"","meta":{"footnotes":""},"class_list":["post-30","page","type-page","status-publish","hentry"],"_links":{"self":[{"href":"http:\/\/sssstarapazova.org\/new\/wp-json\/wp\/v2\/pages\/30","targetHints":{"allow":["GET"]}}],"collection":[{"href":"http:\/\/sssstarapazova.org\/new\/wp-json\/wp\/v2\/pages"}],"about":[{"href":"http:\/\/sssstarapazova.org\/new\/wp-json\/wp\/v2\/types\/page"}],"author":[{"embeddable":true,"href":"http:\/\/sssstarapazova.org\/new\/wp-json\/wp\/v2\/users\/1"}],"replies":[{"embeddable":true,"href":"http:\/\/sssstarapazova.org\/new\/wp-json\/wp\/v2\/comments?post=30"}],"version-history":[{"count":5,"href":"http:\/\/sssstarapazova.org\/new\/wp-json\/wp\/v2\/pages\/30\/revisions"}],"predecessor-version":[{"id":2788,"href":"http:\/\/sssstarapazova.org\/new\/wp-json\/wp\/v2\/pages\/30\/revisions\/2788"}],"up":[{"embeddable":true,"href":"http:\/\/sssstarapazova.org\/new\/wp-json\/wp\/v2\/pages\/17"}],"wp:attachment":[{"href":"http:\/\/sssstarapazova.org\/new\/wp-json\/wp\/v2\/media?parent=30"}],"curies":[{"name":"wp","href":"https:\/\/api.w.org\/{rel}","templated":true}]}}