{"id":25,"date":"2016-10-25T21:16:33","date_gmt":"2016-10-25T21:16:33","guid":{"rendered":"http:\/\/sssstarapazova.org\/new\/?page_id=25"},"modified":"2016-12-03T01:22:52","modified_gmt":"2016-12-03T00:22:52","slug":"ucenicki-i-studentski-standard","status":"publish","type":"page","link":"http:\/\/sssstarapazova.org\/new\/pravo\/obrazovanje\/ucenicki-i-studentski-standard\/","title":{"rendered":"U\u010deni\u010dki i studentski standard"},"content":{"rendered":"<p><a href=\"http:\/\/sssstarapazova.org\/new\/wp-content\/uploads\/2016\/10\/Pravilnik_o_Programu_vaspitnog_rada_u_domovima_ucenika_srednjih_skola_Republike_Srbije.pdf\" target=\"_blank\"><strong>Pravilnik o Programu vaspitnog rada\u00a0 u domovima u\u010denika srednjih skola Republike Srbije<\/strong><\/a><\/p>\n<p><a href=\"http:\/\/sssstarapazova.org\/new\/wp-content\/uploads\/2016\/10\/Zakon_o_ucenickom_i_studentskom_standardu.pdf\" target=\"_blank\"><strong>Zakon o u\u010deni\u010dkom i studentskom standardu<\/strong><\/a><\/p>\n<p><a href=\"http:\/\/sssstarapazova.org\/new\/wp-content\/uploads\/2016\/11\/\u041f\u041e\u0421\u0415\u0411\u0410\u041d_\u041a\u041e\u041b\u0415\u041a\u0422\u0418\u0412\u041d\u0418_\u0423\u0413\u041e\u0412\u041e\u0420-\u0421\u0422\u0423\u0414\u0415\u041d\u0422\u0421\u041a\u0418_\u0421\u0422\u0410\u041d\u0414\u0410\u0420\u0414-2.pdf\" target=\"_blank\"><strong>Poseban kolektivni ugovor studentski standard<\/strong><\/a><\/p>\n","protected":false},"excerpt":{"rendered":"<p>Pravilnik o Programu vaspitnog rada\u00a0 u domovima u\u010denika srednjih skola Republike Srbije Zakon o u\u010deni\u010dkom i studentskom standardu Poseban kolektivni ugovor studentski standard<\/p>\n <a class=\"more-link\" href=\"http:\/\/sssstarapazova.org\/new\/pravo\/obrazovanje\/ucenicki-i-studentski-standard\/\"><span class=\"more-msg\">Continue reading &rarr;<\/span><\/a>","protected":false},"author":1,"featured_media":0,"parent":17,"menu_order":3,"comment_status":"closed","ping_status":"closed","template":"","meta":{"footnotes":""},"class_list":["post-25","page","type-page","status-publish","hentry"],"_links":{"self":[{"href":"http:\/\/sssstarapazova.org\/new\/wp-json\/wp\/v2\/pages\/25","targetHints":{"allow":["GET"]}}],"collection":[{"href":"http:\/\/sssstarapazova.org\/new\/wp-json\/wp\/v2\/pages"}],"about":[{"href":"http:\/\/sssstarapazova.org\/new\/wp-json\/wp\/v2\/types\/page"}],"author":[{"embeddable":true,"href":"http:\/\/sssstarapazova.org\/new\/wp-json\/wp\/v2\/users\/1"}],"replies":[{"embeddable":true,"href":"http:\/\/sssstarapazova.org\/new\/wp-json\/wp\/v2\/comments?post=25"}],"version-history":[{"count":6,"href":"http:\/\/sssstarapazova.org\/new\/wp-json\/wp\/v2\/pages\/25\/revisions"}],"predecessor-version":[{"id":2852,"href":"http:\/\/sssstarapazova.org\/new\/wp-json\/wp\/v2\/pages\/25\/revisions\/2852"}],"up":[{"embeddable":true,"href":"http:\/\/sssstarapazova.org\/new\/wp-json\/wp\/v2\/pages\/17"}],"wp:attachment":[{"href":"http:\/\/sssstarapazova.org\/new\/wp-json\/wp\/v2\/media?parent=25"}],"curies":[{"name":"wp","href":"https:\/\/api.w.org\/{rel}","templated":true}]}}