{"id":23,"date":"2016-10-25T21:16:05","date_gmt":"2016-10-25T21:16:05","guid":{"rendered":"http:\/\/sssstarapazova.org\/new\/?page_id=23"},"modified":"2021-11-25T22:10:46","modified_gmt":"2021-11-25T21:10:46","slug":"osnovne-i-srednje-skole","status":"publish","type":"page","link":"http:\/\/sssstarapazova.org\/new\/pravo\/obrazovanje\/osnovne-i-srednje-skole\/","title":{"rendered":"Osnovne i srednje \u0161kole"},"content":{"rendered":"<div>\n<p><a href=\"http:\/\/sssstarapazova.org\/new\/wp-content\/uploads\/2017\/11\/ZAKON-o-dualnom-obrazovanju.pdf\" target=\"_blank\" rel=\"noopener\"><strong>ZAKON O DUALNOM OBRAZOVANJU<\/strong><\/a><\/p>\n<p><strong><a href=\"http:\/\/sssstarapazova.org\/new\/wp-content\/uploads\/2017\/11\/ZAKON-o-izmenama-i-dopunama-Zakona-o-osnovnom-o.-i-v..pdf\" target=\"_blank\" rel=\"noopener\">ZAKON O IZMENAMA I DOPUNAMA ZAKONA O OSNOVNOM OBRAZOVANJU I VASPITANJU<\/a><\/strong><\/p>\n<p><a href=\"http:\/\/sssstarapazova.org\/new\/wp-content\/uploads\/2017\/11\/ZAKON-o-izmenama-i-dopunama-Zakona-o-srednjem-o.-i-v..pdf\" target=\"_blank\" rel=\"noopener\"><strong>ZAKON O IZMENAMA I DOPUNAMA ZAKONA O SREDNJEM\u00a0OBRAZOVANJU I VASPITANJU<\/strong><\/a><\/p>\n<\/div>\n<div>\n<p><a href=\"http:\/\/sssstarapazova.org\/new\/wp-content\/uploads\/2017\/11\/Zakon-o-osnovama-sistema-obrazovanja-i.pdf\" target=\"_blank\" rel=\"noopener\">novi <b>ZAKON O OSNOVAMA SISTEMA OBRAZOVANJA I VASPITANJA<\/b><\/a><\/p>\n<p><a href=\"http:\/\/sssstarapazova.org\/new\/wp-content\/uploads\/2018\/10\/ZNOKRS.pdf\" target=\"_blank\" rel=\"noopener\"><strong>Zakon o nacionalnom okviru kvalifikacija Republike Srbije<\/strong><\/a><\/p>\n<p><strong><a href=\"http:\/\/sssstarapazova.org\/new\/wp-content\/uploads\/2016\/10\/Pravilnik_o_dozvoli_za_rad_nastavnika.pdf\" target=\"_blank\" rel=\"noopener\">Pravilnik o dozvoli za rad nastavnika<\/a><\/strong><\/p>\n<p><a href=\"http:\/\/sssstarapazova.org\/new\/wp-content\/uploads\/2016\/10\/Pravilnik_o_nacinu_obrade_i_isplate_plata.pdf\" target=\"_blank\" rel=\"noopener\"><strong>Pravilnik o na\u010dinu obrade i isplate plata<\/strong><\/a><\/p>\n<p><a href=\"http:\/\/sssstarapazova.org\/new\/wp-content\/uploads\/2016\/10\/Pravilnik_o_normi_casova_neposrednog_rada_sa_ucenicima_nastavnika.pdf\" target=\"_blank\" rel=\"noopener\"><strong>Pravilnik o normi \u010dasova neposrednog rada sa u\u010denicima nastavnika<\/strong><\/a><\/p>\n<p><a href=\"http:\/\/sssstarapazova.org\/new\/wp-content\/uploads\/2016\/10\/Pravilnik_o_ocenjivanju_osnovno.pdf\" target=\"_blank\" rel=\"noopener\"><strong>Pravilnik o ocenjivanju u\u010denika u osnovnom obrazovanju i vaspitanju<\/strong><\/a><\/p>\n<p><a href=\"http:\/\/sssstarapazova.org\/new\/wp-content\/uploads\/2016\/11\/Pravilnik-o-ocenjivanju-u\u010denika-u-srednjem-obrazovanju-i-vaspitanju.pdf\" target=\"_blank\" rel=\"noopener\"><strong>Pravilnik o ocenjivanju u\u010denika u srednjem obrazovanju i vaspitanju<\/strong><\/a><\/p>\n<p><a href=\"http:\/\/sssstarapazova.org\/new\/wp-content\/uploads\/2016\/10\/Pravilnik_o_pedagoskoj_normi_svih_oblika_obrazovno-vaspitnog_rada_nastavnika_i_strucnih_saradnika_u_srednjoj_skoli.pdf\" target=\"_blank\" rel=\"noopener\"><strong>Pravilnik o pedago\u0161koj normi svih oblika obrazovno-vaspitnog rada nastavnika i stru\u010dnih saradnika u srednjoj \u0161koli<\/strong><\/a><\/p>\n<p><a href=\"http:\/\/sssstarapazova.org\/new\/wp-content\/uploads\/2016\/10\/Pravilnik_o_programu_rada_strucnih_saradnika_u_osnovnoj_skoli.pdf\" target=\"_blank\" rel=\"noopener\"><strong>Pravilnik o programu rada stru\u010dnih saradnika u osnovnoj \u0161koli<\/strong><\/a><\/p>\n<p><a href=\"http:\/\/sssstarapazova.org\/new\/wp-content\/uploads\/2016\/10\/Pravilnik_o_programu_rada_strucnih_saradnika_u_srednjoj_skoli.pdf\" target=\"_blank\" rel=\"noopener\"><strong>Pravilnik o programu rada stru\u010dnih saradnika u srednjoj \u0161koli<\/strong><\/a><\/p>\n<p><a href=\"http:\/\/sssstarapazova.org\/new\/wp-content\/uploads\/2016\/10\/Pravilnik_o_upisu_ucenika_u_srednju_skolu.pdf\" target=\"_blank\" rel=\"noopener\"><strong>Pravilnik o upisu u\u010denika u srednju \u0161kolu<\/strong><\/a><\/p>\n<p><a href=\"http:\/\/sssstarapazova.org\/new\/wp-content\/uploads\/2016\/10\/Pravilnik_o_vrsti_strucne_spreme_nastavnika_i_strucnih_saradnika_u_osnovnoj_skoli.pdf\" target=\"_blank\" rel=\"noopener\"><strong>Pravilnik o vrsti stru\u010dne spreme nastavnika i stru\u010dnih saradnika u osnovnoj \u0161koli<\/strong><\/a><\/p>\n<p><a href=\"http:\/\/sssstarapazova.org\/new\/wp-content\/uploads\/2016\/10\/Zakon_o_osnovnom_obrazovanju_i_vaspitanju.pdf\" target=\"_blank\" rel=\"noopener\"><strong>Zakon o osnovnom obrazovanju i vaspitanju<\/strong><\/a><\/p>\n<p><a href=\"http:\/\/sssstarapazova.org\/new\/wp-content\/uploads\/2016\/10\/Zakon_o_srednjem_obrazovanju_i_vaspitanju.pdf\" target=\"_blank\" rel=\"noopener\"><strong>Zakon o srednjem obrazovanju i vaspitanju<\/strong><\/a><\/p>\n<p><a href=\"http:\/\/sssstarapazova.org\/new\/wp-content\/uploads\/2016\/11\/ZAKON-O-UDzBENICIMA.pdf\" target=\"_blank\" rel=\"noopener\"><strong>Zakon o ud\u017ebenicima<\/strong><\/a><\/p>\n<p><a href=\"http:\/\/sssstarapazova.org\/new\/wp-content\/uploads\/2016\/11\/ZAKON-O-SISTEMU-PLATA-ZAPOSLENIH-U-JAVNOM-SEKTORU.pdf\" target=\"_blank\" rel=\"noopener\"><strong>Zakon o sistemu plata u javnom sektoru<\/strong><\/a><\/p>\n<p><a href=\"http:\/\/sssstarapazova.org\/new\/wp-content\/uploads\/2016\/11\/ZAKON-O-IZMENAMA-I-DOPUNAMA-ZAKONA-O-OSOiV.pdf\" target=\"_blank\" rel=\"noopener\"><strong>Zakon o izmenama i dopunama Zakona o OSOIV<\/strong><\/a><\/p>\n<p><a href=\"http:\/\/sssstarapazova.org\/new\/wp-content\/uploads\/2016\/11\/cenus_srednje.pdf\" target=\"_blank\" rel=\"noopener\"><strong>Pravilnik o kriterijumima i standardima za finansiranje ustanove koja obavlja\u00a0delatnost srednjeg obrazovanja i vaspitanja<\/strong><\/a><\/p>\n<p><a href=\"http:\/\/sssstarapazova.org\/new\/wp-content\/uploads\/2016\/11\/cenus_umetnicke.pdf\" target=\"_blank\" rel=\"noopener\"><strong>Pravilnik o kriterijumima i standardima za finansiranje ustanove koja obavlja delatnost osnovnog i srednjeg muzi\u010dkog i baletskog obrazovanja i vaspitanja<\/strong><\/a><\/p>\n<p><a href=\"http:\/\/sssstarapazova.org\/new\/wp-content\/uploads\/2016\/11\/cenus_specijalne.pdf\" target=\"_blank\" rel=\"noopener\"><strong>Pravilnik o kriterijumima i standardima za finansiranje ustanove koja obavlja delatnost osnovnog i srednjeg obrazovanja i vaspitanja u\u010denika sa smetnjama u razvoju<\/strong><\/a><\/p>\n<p><a href=\"http:\/\/sssstarapazova.org\/new\/wp-content\/uploads\/2016\/11\/cenus_osnovno.pdf\" target=\"_blank\" rel=\"noopener\"><strong>Pravilnik\u00a0o kriterijumima i standardima za finansiranje ustanove koja obavlja delatnost osnovnog obrazovanja i vaspitanja<\/strong><\/a><a href=\"http:\/\/sssstarapazova.org\/wp-content\/uploads\/2016\/08\/cenus_osnovno.pdf\"><strong>\u00a0<\/strong><\/a><\/p>\n<p><a href=\"http:\/\/sssstarapazova.org\/new\/wp-content\/uploads\/2021\/11\/\u041f\u0420\u0410\u0412\u0418\u041b\u041d\u0418\u041a-\u043e-\u0441\u0442\u0430\u043b\u043d\u043e\u043c-\u0441\u0442\u0440\u0443\u0447\u043d\u043e\u043c-\u0443\u0441\u0430\u0432\u0440\u0448\u0430\u0432\u0430\u045a\u0443-\u0438-\u043d\u0430\u043f\u0440\u0435\u0434\u043e\u0432\u0430\u045a\u0443-\u0443-\u0437\u0432\u0430\u045a\u0430-\u043d\u0430\u0441\u0442\u0430\u0432\u043d\u0438\u043a\u0430-\u0432\u0430\u0441\u043f\u0438\u0442\u0430\u0447\u0430-\u0438-\u0441\u0442\u0440\u0443\u0447\u043d\u0438\u0445-\u0441\u0430\u0440\u0430\u0434\u043d\u0438\u043a\u0430.pdf\" target=\"_blank\" rel=\"noopener\"><strong>P<\/strong><strong>ravilnik o stru\u010dnom usavr\u0161avanju nastavnika vaspita\u010da i stru\u010dnih saradnika<\/strong><\/a><\/p>\n<p><a href=\"http:\/\/sssstarapazova.org\/new\/wp-content\/uploads\/2016\/11\/16-PRAVILNIK-o-vrsti-strucne-spreme-ss.pdf\" target=\"_blank\" rel=\"noopener\"><strong>Pravilnik o vrsti stru\u010dne spreme nastavnika, stru\u010dnih saradnika i pomo\u0107nih nastavnika u stru\u010dnim \u0161kolama<\/strong><\/a><\/p>\n<p><a href=\"http:\/\/sssstarapazova.org\/new\/wp-content\/uploads\/2016\/11\/Stru\u010dno_uputstvo.compressed.pdf\" target=\"_blank\" rel=\"noopener\"><strong>Stru\u010dno uputstvo za pra\u0107enje anga\u017eovanja zaposlenih u osnovnim i srednjim \u0161kolama za \u0161kolsku 2016\/2017. godinu<\/strong><\/a><\/p>\n<p><a href=\"http:\/\/sssstarapazova.org\/new\/wp-content\/uploads\/2017\/06\/Strucno_upustvo_o_formiranju_odeljenja_i_nacinu_finansiranja_u_OS_i_SS_za_2016-17.pdf\" target=\"_blank\" rel=\"noopener\"><strong>Stru\u010dno uputstvo o formiranju odeljenja i na\u010dinu finansiranja u osnovnim i srednjim \u0161kolama za \u0161kolsku 2016\/2017 godinu<\/strong><\/a><\/p>\n<p><a href=\"http:\/\/sssstarapazova.org\/new\/wp-content\/uploads\/2017\/06\/Formiranje_odeljenja_2017-18.pdf\" target=\"_blank\" rel=\"noopener\"><strong>Stru\u010dno uputstvo o formiranju odeljenja i na\u010dinu finansiranja u osnovnim i srednjim \u0161kolama za \u0161kolsku 2017\/2018 godinu<\/strong><\/a><\/p>\n<p><a href=\"http:\/\/sssstarapazova.org\/new\/wp-content\/uploads\/2017\/07\/tabeleKALENDAR-17-18-OS.pdf\" target=\"_blank\" rel=\"noopener\"><strong>\u0160kolski kalendar za osnovnu \u0161kolu za 2017\/2018 godinu<\/strong><\/a><\/p>\n<p><a href=\"http:\/\/sssstarapazova.org\/new\/wp-content\/uploads\/2017\/07\/tabeleKALENDAR-17-18-SS.pdf\" target=\"_blank\" rel=\"noopener\"><strong>\u0160kolski kalendar za srednju \u0161kolu za 2017\/2018 godinu<\/strong><\/a><\/p>\n<\/div>\n","protected":false},"excerpt":{"rendered":"<p>ZAKON O DUALNOM OBRAZOVANJU ZAKON O IZMENAMA I DOPUNAMA ZAKONA O OSNOVNOM OBRAZOVANJU I VASPITANJU ZAKON O IZMENAMA I DOPUNAMA ZAKONA O SREDNJEM\u00a0OBRAZOVANJU I VASPITANJU novi ZAKON O OSNOVAMA SISTEMA OBRAZOVANJA I VASPITANJA Zakon o nacionalnom okviru kvalifikacija Republike Srbije <span class=\"excerpt-dots\">&hellip;<\/span> <a class=\"more-link\" href=\"http:\/\/sssstarapazova.org\/new\/pravo\/obrazovanje\/osnovne-i-srednje-skole\/\"><span class=\"more-msg\">Continue reading &rarr;<\/span><\/a><\/p>\n","protected":false},"author":1,"featured_media":0,"parent":17,"menu_order":2,"comment_status":"closed","ping_status":"closed","template":"","meta":{"footnotes":""},"class_list":["post-23","page","type-page","status-publish","hentry"],"_links":{"self":[{"href":"http:\/\/sssstarapazova.org\/new\/wp-json\/wp\/v2\/pages\/23","targetHints":{"allow":["GET"]}}],"collection":[{"href":"http:\/\/sssstarapazova.org\/new\/wp-json\/wp\/v2\/pages"}],"about":[{"href":"http:\/\/sssstarapazova.org\/new\/wp-json\/wp\/v2\/types\/page"}],"author":[{"embeddable":true,"href":"http:\/\/sssstarapazova.org\/new\/wp-json\/wp\/v2\/users\/1"}],"replies":[{"embeddable":true,"href":"http:\/\/sssstarapazova.org\/new\/wp-json\/wp\/v2\/comments?post=23"}],"version-history":[{"count":58,"href":"http:\/\/sssstarapazova.org\/new\/wp-json\/wp\/v2\/pages\/23\/revisions"}],"predecessor-version":[{"id":5758,"href":"http:\/\/sssstarapazova.org\/new\/wp-json\/wp\/v2\/pages\/23\/revisions\/5758"}],"up":[{"embeddable":true,"href":"http:\/\/sssstarapazova.org\/new\/wp-json\/wp\/v2\/pages\/17"}],"wp:attachment":[{"href":"http:\/\/sssstarapazova.org\/new\/wp-json\/wp\/v2\/media?parent=23"}],"curies":[{"name":"wp","href":"https:\/\/api.w.org\/{rel}","templated":true}]}}